{"id":2206,"date":"2021-02-19T19:38:46","date_gmt":"2021-02-19T16:38:46","guid":{"rendered":"https:\/\/portlif.ee:443\/?page_id=2206"},"modified":"2021-08-09T12:14:19","modified_gmt":"2021-08-09T09:14:19","slug":"hanked","status":"publish","type":"page","link":"https:\/\/portlif.ee\/ru\/hanked\/","title":{"rendered":"Kehtivad hanked"},"content":{"rendered":"<p><section class=\"ffb-id-2auvr3hh fg-section fg-el-has-bg fg-text-dark\"><span class=\"fg-bg\"><span data-fg-bg=\"{&quot;type&quot;:&quot;color&quot;,&quot;opacity&quot;:1,&quot;color&quot;:&quot;rgba(255, 204, 30, 0.06)&quot;}\" class=\"fg-bg-layer fg-bg-type-color \" style=\"opacity: 1; background-color: rgba(255, 204, 30, 0.06);\"><\/span><\/span><div class=\"fg-container container fg-container-large fg-container-lvl--1 \"><div class=\"fg-row row    \" ><div class=\"ffb-id-2auvr3hi fg-col col-xs-12 col-md-12 fg-text-dark\"><section class=\"ffb-id-2auvr3hk section-heading fg-text-dark\"><h2 class=\"fg-text-dark ffb-h2-1\">Kehtivad hanked<\/h2><\/section><\/div><\/div><\/div><\/section><style>.ffb-id-2auvr3hh{ padding-top: 160px;}@media (min-width:992px) { .ffb-id-2auvr3hh{ padding-top: 80px;}}.ffb-id-2auvr3hh ,.ffb-id-2auvr3hh:before,.ffb-id-2auvr3hh:after,.ffb-id-2auvr3hh *,.ffb-id-2auvr3hh *:before,.ffb-id-2auvr3hh *:after{ color: #121f36 !important;}.ffb-id-2auvr3hk{ font-size: 33px !important;font-weight: 500 !important;}.ffb-id-2auvr3hk ,.ffb-id-2auvr3hk:before,.ffb-id-2auvr3hk:after,.ffb-id-2auvr3hk:hover,.ffb-id-2auvr3hk:focus,.ffb-id-2auvr3hk *,.ffb-id-2auvr3hk *:before,.ffb-id-2auvr3hk *:after,.ffb-id-2auvr3hk *:hover,.ffb-id-2auvr3hk *:focus{ font-size: 33px !important;font-weight: 500 !important;}@media (min-width:768px) { .ffb-id-2auvr3hk{ font-size: 40px !important;}}@media (min-width:768px) { .ffb-id-2auvr3hk ,.ffb-id-2auvr3hk:before,.ffb-id-2auvr3hk:after,.ffb-id-2auvr3hk:hover,.ffb-id-2auvr3hk:focus,.ffb-id-2auvr3hk *,.ffb-id-2auvr3hk *:before,.ffb-id-2auvr3hk *:after,.ffb-id-2auvr3hk *:hover,.ffb-id-2auvr3hk *:focus{ font-size: 40px !important;}}<\/style><script type=\"text\/javascript\"><\/script><section class=\"ffb-id-16632bvv fg-section fg-text-dark\"><div class=\"fg-container container fg-container-large fg-container-lvl--1 \"><div class=\"fg-row row    \" ><div class=\"ffb-id-4n0esb2e fg-col col-xs-12 col-md-6 hidden-xs hidden-sm fg-text-dark\"><img decoding=\"async\" class=\"ffb-id-4n0esb2f fg-image  img-responsive full-width fg-text-dark\" width=\"256\" src=\"https:\/\/portlif.ee:443\/wp-content\/uploads\/2021\/08\/Plakat-1.jpg\" alt=\"Plakat-1\"><\/div><div class=\"ffb-id-4n0fbi2r fg-col col-xs-12 col-md-6 fg-text-dark\"><img loading=\"lazy\" decoding=\"async\" class=\"ffb-id-4n0fbpta fg-image  img-responsive full-width fg-text-dark\" width=\"2560\" height=\"1482\" src=\"https:\/\/portlif.ee:443\/wp-content\/uploads\/2021\/02\/el_regionaalarengu_fond_horisontaalne-scaled.jpg\" alt=\"el_regionaalarengu_fond_horisontaalne\"><\/div><div class=\"ffb-id-ie8vfjf fg-col col-xs-12 col-sm-12 col-md-12 fg-text-dark\"><div class=\"ffb-id-4n0f8igl fg-paragraph ff-richtext text-left    fg-text-dark\"><\/p>\n<p>&nbsp;<br \/><strong>Projekt &bdquo;Portlif Grupp O&Uuml; ressursit&otilde;hususe investeering&rdquo; sai Euroopa Regionaalarengu Fondist toetust<\/strong><br \/>&nbsp;<br \/><strong>Projekti l&uuml;hikokkuv&otilde;te:<\/strong><br \/>Investeeringu k&auml;igus panustab Portlif Grupp O&Uuml; tooraine efektiivsemale kasutusele ning energia s&auml;&auml;stule. Tulemuse saavutamiseks koosneb projekt neljast erinevast investeeringust. Investeeringute abil minnakse &uuml;le vajadusep&otilde;hisele tarbimise, v&auml;hendatakse heitmete kogust, v&otilde;etakse kasutusele keskkonnas&otilde;bralikum k&uuml;tus ning parandatakse protsessi efektiivsust.<br \/>&nbsp;<br \/><strong>Projekti eesm&auml;rk ja tulemus:<\/strong><\/p>\n<p>Projekti eesm&auml;rk on saavutada v&auml;hemalt 1% ressursis&auml;&auml;stu paranemine ning t&otilde;sta ressursitootlikkust. Ressursis&auml;&auml;stuprojekti eesm&auml;rgi t&auml;itmiseks soetatakse j&auml;rgnevad seadmed:<\/p>\n<p><\/div><ul class=\"ffb-id-4n0g2djf ffb-list lists-base fg-text-dark\"><li class=\"ffb-list-item text-left ffb-list-style-icon list-unstyled fg-text-dark ffb-list-item-1\"><i class=\"ffb-list-icon ff-font-awesome4 icon-angle-right  fg-text-dark ffb-one-icon\"><\/i><div class=\"ffb-list-text fg-text-dark ffb-one-text\"><\/p>\n<p style=\"text-align: justify\"><span style=\"color: #121f36\">Autode altlaadimis-s\u00fcsteemi ning gaasip\u00fc\u00fcduriga v\u00e4hendatakse tooraine kadu ning keskkonda paisatavate saasteainete kogust.<\/span><\/p>\n<p><\/div><\/li><li class=\"ffb-list-item text-left ffb-list-style-icon list-unstyled fg-text-dark ffb-list-item-2\"><i class=\"ffb-list-icon ff-font-awesome4 icon-angle-right  fg-text-dark ffb-one-icon\"><\/i><div class=\"ffb-list-text fg-text-dark ffb-one-text\"><\/p>\n<p style=\"text-align: justify\"><span style=\"color: #121f36\">Segajatega mahutites saadakse separeerimisprotsessiks homogeensem tooraine, mis omakorda kasvatab l&otilde;pptoodangu mahtu.<\/p>\n<p><\/div><\/li><li class=\"ffb-list-item text-left ffb-list-style-icon list-unstyled fg-text-dark ffb-list-item-3\"><i class=\"ffb-list-icon ff-font-awesome4 icon-angle-right  fg-text-dark ffb-one-icon\"><\/i><div class=\"ffb-list-text fg-text-dark ffb-one-text\"><\/p>\n<p style=\"text-align: justify\"><span style=\"color: #121f36\">Pumbas&uuml;steemide moderniseerimisega v&otilde;etakse kasutusele efektiivsemad pumbad ning minnakse &uuml;le vajadusp&otilde;hisele juhtimisele.<\/p>\n<p><\/div><\/li><\/ul><div class=\"ffb-id-4n0g2i5l fg-paragraph ff-richtext text-left    fg-text-dark\"><\/p>\n<p>&nbsp;<\/p>\n<p>Projekti maksumus (EUR):<br \/>400&nbsp;000<br \/>&nbsp;<br \/>Toetuse summa (EUR):<br \/>200 000<\/p>\n<p>&nbsp;<\/p>\n<p>&nbsp;<\/p>\n<p><\/div><\/div><div class=\"ffb-id-4n0eo47t fg-col col-xs-12 col-sm-12 col-md-6 fg-text-dark\"><section class=\"ffb-id-4n0eo47u l-services-v1 l-services-v1-icon-two text-left icon-left fg-text-dark\" data-fg-height=\"{&quot;3&quot;:&quot;256&quot;,&quot;1&quot;:&quot;null&quot;,&quot;2&quot;:&quot;null&quot;,&quot;4&quot;:&quot;256&quot;}\"><div class=\"l-services-v1-media\"><span class=\"l-services-v1-effect\"><span class=\"before\"><\/span><i class=\"l-services-v1-icon ff-font-et-line icon-document\"><\/i><span class=\"after\"><\/span><\/span><\/div><div class=\"l-services-v1-content\"><h3 class=\"l-services-v1-title fg-text-dark ffb-title-1\">Hanketeade<\/h3><p class=\"l-services-v1-text fg-text-dark ffb-paragraph-2\"><\/p>\n<p><a href=\"\/segajate-hanketeade\/\">Segajate hanketeade<\/a><\/p>\n<p><\/p><p class=\"l-services-v1-text fg-text-dark ffb-paragraph-3\"><\/p>\n<p><a href=\"\/pumpade-hanketeade\/\">Pumpade hanketeade<\/a><\/p>\n<p><\/p><\/div><\/section><\/div><div class=\"ffb-id-4n0d4pq9 fg-col col-xs-12 col-sm-12 col-md-6 fg-text-dark\"><section class=\"ffb-id-4n0d4pqb l-services-v1 l-services-v1-icon-two text-left icon-left fg-text-dark\" data-fg-height=\"{&quot;3&quot;:&quot;256&quot;,&quot;1&quot;:&quot;null&quot;,&quot;2&quot;:&quot;null&quot;,&quot;4&quot;:&quot;256&quot;}\"><div class=\"l-services-v1-media\"><span class=\"l-services-v1-effect\"><span class=\"before\"><\/span><i class=\"l-services-v1-icon ff-font-et-line icon-document\"><\/i><span class=\"after\"><\/span><\/span><\/div><div class=\"l-services-v1-content\"><h3 class=\"l-services-v1-title fg-text-dark ffb-title-1\">\u041f\u043b\u0430\u043a\u0430\u0442<\/h3><p class=\"l-services-v1-text fg-text-dark ffb-paragraph-2\"><\/p>\n<p><a href=\"\/wp-content\/uploads\/2021\/02\/Plakat.pdf\">\u0421\u043a\u0430\u0447\u0430\u0442\u044c<\/a><\/p>\n<p><\/p><p class=\"l-services-v1-text fg-text-dark ffb-paragraph-3\"><\/p>\n<p><a href=\"#\"><\/a>&nbsp;<\/p>\n<p><\/p><\/div><\/section><\/div><\/div><\/div><\/section><style>.ffb-id-2auvr3hh{ \npadding-top: 160px;\n\n}\n@media (min-width:992px) { \n.ffb-id-2auvr3hh{ \npadding-top: 80px;\n\n}\n}.ffb-id-2auvr3hh ,\n.ffb-id-2auvr3hh:before,\n.ffb-id-2auvr3hh:after,\n.ffb-id-2auvr3hh *,\n.ffb-id-2auvr3hh *:before,\n.ffb-id-2auvr3hh *:after{ \ncolor: #121f36 !important;\n}\n.ffb-id-2auvr3hk{ \nfont-size: 33px !important;\nfont-weight: 500 !important;\n}\n.ffb-id-2auvr3hk ,\n.ffb-id-2auvr3hk:before,\n.ffb-id-2auvr3hk:after,\n.ffb-id-2auvr3hk:hover,\n.ffb-id-2auvr3hk:focus,\n.ffb-id-2auvr3hk *,\n.ffb-id-2auvr3hk *:before,\n.ffb-id-2auvr3hk *:after,\n.ffb-id-2auvr3hk *:hover,\n.ffb-id-2auvr3hk *:focus{ \nfont-size: 33px !important;\nfont-weight: 500 !important;\n}\n@media (min-width:768px) { \n.ffb-id-2auvr3hk{ \nfont-size: 40px !important;\n}\n}@media (min-width:768px) { \n.ffb-id-2auvr3hk ,\n.ffb-id-2auvr3hk:before,\n.ffb-id-2auvr3hk:after,\n.ffb-id-2auvr3hk:hover,\n.ffb-id-2auvr3hk:focus,\n.ffb-id-2auvr3hk *,\n.ffb-id-2auvr3hk *:before,\n.ffb-id-2auvr3hk *:after,\n.ffb-id-2auvr3hk *:hover,\n.ffb-id-2auvr3hk *:focus{ \nfont-size: 40px !important;\n}\n}.ffb-id-16632bvv{ padding-top: 80px;padding-bottom: 80px;}.ffb-id-4n0d4pqb.l-services-v1 .l-services-v1-icon{ color: #ffffff;}.ffb-id-4n0d4pqb.l-services-v1:hover .l-services-v1-icon{ color: #ffffff;}.ffb-id-4n0d4pqb.l-services-v1 .l-services-v1-icon{ background-color: #2bbf58;}.ffb-id-4n0d4pqb.l-services-v1:hover .l-services-v1-icon{ background-color: #3dd15f;}.ffb-id-4n0d4pqb.l-services-v1 .l-services-v1-icon{ box-shadow: 0 0 5px 2px rgba(0, 188, 212, 0.4);}.ffb-id-4n0d4pqb.l-services-v1:hover .l-services-v1-icon{ box-shadow: 0 0 5px 2px rgba(0, 150, 136, 0.4);}.ffb-id-4n0d4pqb.l-services-v1{ background-color: #ffffff;}.ffb-id-4n0d4pqb.l-services-v1 .before{ border-color: #2bbf58;}.ffb-id-4n0d4pqb.l-services-v1 .after{ border-color: #2bbf58;}.ffb-id-4n0d4pqb.l-services-v1:hover .before{ border-color: #3dd15f;}.ffb-id-4n0d4pqb.l-services-v1:hover .after{ border-color: #3dd15f;}.ffb-id-4n0d4pqb.l-services-v1{ box-shadow: 7px 7px 5px 0 #eff1f8;}.ffb-id-4n0d4pqb .ffb-title-1.l-services-v1-title{ color: #2bbf58;}.ffb-id-4n0d4pqb:hover .ffb-title-1.l-services-v1-title{ color: #009688;}.ffb-id-4n0d4pqb .ffb-title-1{ font-size: 30px !important;font-weight: 500 !important;}.ffb-id-4n0d4pqb .ffb-title-1 ,.ffb-id-4n0d4pqb .ffb-title-1:before,.ffb-id-4n0d4pqb .ffb-title-1:after,.ffb-id-4n0d4pqb .ffb-title-1:hover,.ffb-id-4n0d4pqb .ffb-title-1:focus,.ffb-id-4n0d4pqb .ffb-title-1 *,.ffb-id-4n0d4pqb .ffb-title-1 *:before,.ffb-id-4n0d4pqb .ffb-title-1 *:after,.ffb-id-4n0d4pqb .ffb-title-1 *:hover,.ffb-id-4n0d4pqb .ffb-title-1 *:focus{ font-size: 30px !important;font-weight: 500 !important;}@media (min-width:992px) { .ffb-id-4n0d4pqb{ height:256px;}}.ffb-id-4n0eo47u.l-services-v1 .l-services-v1-icon{ color: #ffffff;}.ffb-id-4n0eo47u.l-services-v1:hover .l-services-v1-icon{ color: #ffffff;}.ffb-id-4n0eo47u.l-services-v1 .l-services-v1-icon{ background-color: #2bbf58;}.ffb-id-4n0eo47u.l-services-v1:hover .l-services-v1-icon{ background-color: #3dd15f;}.ffb-id-4n0eo47u.l-services-v1 .l-services-v1-icon{ box-shadow: 0 0 5px 2px rgba(0, 188, 212, 0.4);}.ffb-id-4n0eo47u.l-services-v1:hover .l-services-v1-icon{ box-shadow: 0 0 5px 2px rgba(0, 150, 136, 0.4);}.ffb-id-4n0eo47u.l-services-v1{ background-color: #ffffff;}.ffb-id-4n0eo47u.l-services-v1 .before{ border-color: #2bbf58;}.ffb-id-4n0eo47u.l-services-v1 .after{ border-color: #2bbf58;}.ffb-id-4n0eo47u.l-services-v1:hover .before{ border-color: #3dd15f;}.ffb-id-4n0eo47u.l-services-v1:hover .after{ border-color: #3dd15f;}.ffb-id-4n0eo47u.l-services-v1{ box-shadow: 7px 7px 5px 0 #eff1f8;}.ffb-id-4n0eo47u .ffb-title-1.l-services-v1-title{ color: #2bbf58;}.ffb-id-4n0eo47u:hover .ffb-title-1.l-services-v1-title{ color: #009688;}.ffb-id-4n0eo47u .ffb-title-1{ font-size: 30px !important;font-weight: 500 !important;}.ffb-id-4n0eo47u .ffb-title-1 ,.ffb-id-4n0eo47u .ffb-title-1:before,.ffb-id-4n0eo47u .ffb-title-1:after,.ffb-id-4n0eo47u .ffb-title-1:hover,.ffb-id-4n0eo47u .ffb-title-1:focus,.ffb-id-4n0eo47u .ffb-title-1 *,.ffb-id-4n0eo47u .ffb-title-1 *:before,.ffb-id-4n0eo47u .ffb-title-1 *:after,.ffb-id-4n0eo47u .ffb-title-1 *:hover,.ffb-id-4n0eo47u .ffb-title-1 *:focus{ font-size: 30px !important;font-weight: 500 !important;}.ffb-id-4n0eo47u{ box-shadow: 0px 3px 5px 0px rgba(0,0,0,0.18);}@media (min-width:992px) { .ffb-id-4n0eo47u{ height:256px;}}.ffb-id-4n0g2i5l ,.ffb-id-4n0g2i5l:before,.ffb-id-4n0g2i5l:after,.ffb-id-4n0g2i5l *,.ffb-id-4n0g2i5l *:before,.ffb-id-4n0g2i5l *:after{ color: #121f36 !important;}.ffb-id-4n0g2i5l{ font-size: 22px !important;}.ffb-id-4n0g2i5l ,.ffb-id-4n0g2i5l:before,.ffb-id-4n0g2i5l:after,.ffb-id-4n0g2i5l:hover,.ffb-id-4n0g2i5l:focus,.ffb-id-4n0g2i5l *,.ffb-id-4n0g2i5l *:before,.ffb-id-4n0g2i5l *:after,.ffb-id-4n0g2i5l *:hover,.ffb-id-4n0g2i5l *:focus{ font-size: 22px !important;}.ffb-id-4n0g2djf .ffb-list-item-1 .ffb-one-icon{ font-size: 32px !important;}.ffb-id-4n0g2djf .ffb-list-item-1 .ffb-one-icon ,.ffb-id-4n0g2djf .ffb-list-item-1 .ffb-one-icon:before,.ffb-id-4n0g2djf .ffb-list-item-1 .ffb-one-icon:after,.ffb-id-4n0g2djf .ffb-list-item-1 .ffb-one-icon:hover,.ffb-id-4n0g2djf .ffb-list-item-1 .ffb-one-icon:focus,.ffb-id-4n0g2djf .ffb-list-item-1 .ffb-one-icon *,.ffb-id-4n0g2djf .ffb-list-item-1 .ffb-one-icon *:before,.ffb-id-4n0g2djf .ffb-list-item-1 .ffb-one-icon *:after,.ffb-id-4n0g2djf .ffb-list-item-1 .ffb-one-icon *:hover,.ffb-id-4n0g2djf .ffb-list-item-1 .ffb-one-icon *:focus{ font-size: 32px !important;}.ffb-id-4n0g2djf .ffb-list-item-1{ padding-right: 15px;padding-left: 15px;}@media (min-width:992px) { .ffb-id-4n0g2djf .ffb-list-item-1{ padding-right: 50px;padding-left: 50px;}}.ffb-id-4n0g2djf .ffb-list-item-1{ font-size: 20px !important;}.ffb-id-4n0g2djf .ffb-list-item-1 ,.ffb-id-4n0g2djf .ffb-list-item-1:before,.ffb-id-4n0g2djf .ffb-list-item-1:after,.ffb-id-4n0g2djf .ffb-list-item-1:hover,.ffb-id-4n0g2djf .ffb-list-item-1:focus,.ffb-id-4n0g2djf .ffb-list-item-1 *,.ffb-id-4n0g2djf .ffb-list-item-1 *:before,.ffb-id-4n0g2djf .ffb-list-item-1 *:after,.ffb-id-4n0g2djf .ffb-list-item-1 *:hover,.ffb-id-4n0g2djf .ffb-list-item-1 *:focus{ font-size: 20px !important;}.ffb-id-4n0g2djf .ffb-list-item-2 .ffb-one-icon{ font-size: 32px !important;}.ffb-id-4n0g2djf .ffb-list-item-2 .ffb-one-icon ,.ffb-id-4n0g2djf .ffb-list-item-2 .ffb-one-icon:before,.ffb-id-4n0g2djf .ffb-list-item-2 .ffb-one-icon:after,.ffb-id-4n0g2djf .ffb-list-item-2 .ffb-one-icon:hover,.ffb-id-4n0g2djf .ffb-list-item-2 .ffb-one-icon:focus,.ffb-id-4n0g2djf .ffb-list-item-2 .ffb-one-icon *,.ffb-id-4n0g2djf .ffb-list-item-2 .ffb-one-icon *:before,.ffb-id-4n0g2djf .ffb-list-item-2 .ffb-one-icon *:after,.ffb-id-4n0g2djf .ffb-list-item-2 .ffb-one-icon *:hover,.ffb-id-4n0g2djf .ffb-list-item-2 .ffb-one-icon *:focus{ font-size: 32px !important;}.ffb-id-4n0g2djf .ffb-list-item-2{ padding-right: 15px;padding-left: 15px;}@media (min-width:992px) { .ffb-id-4n0g2djf .ffb-list-item-2{ padding-right: 50px;padding-left: 50px;}}.ffb-id-4n0g2djf .ffb-list-item-2{ font-size: 20px !important;}.ffb-id-4n0g2djf .ffb-list-item-2 ,.ffb-id-4n0g2djf .ffb-list-item-2:before,.ffb-id-4n0g2djf .ffb-list-item-2:after,.ffb-id-4n0g2djf .ffb-list-item-2:hover,.ffb-id-4n0g2djf .ffb-list-item-2:focus,.ffb-id-4n0g2djf .ffb-list-item-2 *,.ffb-id-4n0g2djf .ffb-list-item-2 *:before,.ffb-id-4n0g2djf .ffb-list-item-2 *:after,.ffb-id-4n0g2djf .ffb-list-item-2 *:hover,.ffb-id-4n0g2djf .ffb-list-item-2 *:focus{ font-size: 20px !important;}.ffb-id-4n0g2djf .ffb-list-item-3 .ffb-one-icon{ font-size: 32px !important;}.ffb-id-4n0g2djf .ffb-list-item-3 .ffb-one-icon ,.ffb-id-4n0g2djf .ffb-list-item-3 .ffb-one-icon:before,.ffb-id-4n0g2djf .ffb-list-item-3 .ffb-one-icon:after,.ffb-id-4n0g2djf .ffb-list-item-3 .ffb-one-icon:hover,.ffb-id-4n0g2djf .ffb-list-item-3 .ffb-one-icon:focus,.ffb-id-4n0g2djf .ffb-list-item-3 .ffb-one-icon *,.ffb-id-4n0g2djf .ffb-list-item-3 .ffb-one-icon *:before,.ffb-id-4n0g2djf .ffb-list-item-3 .ffb-one-icon *:after,.ffb-id-4n0g2djf .ffb-list-item-3 .ffb-one-icon *:hover,.ffb-id-4n0g2djf .ffb-list-item-3 .ffb-one-icon *:focus{ font-size: 32px !important;}.ffb-id-4n0g2djf .ffb-list-item-3{ padding-right: 15px;padding-left: 15px;}@media (min-width:992px) { .ffb-id-4n0g2djf .ffb-list-item-3{ padding-right: 50px;padding-left: 50px;}}.ffb-id-4n0g2djf .ffb-list-item-3{ font-size: 20px !important;}.ffb-id-4n0g2djf .ffb-list-item-3 ,.ffb-id-4n0g2djf .ffb-list-item-3:before,.ffb-id-4n0g2djf .ffb-list-item-3:after,.ffb-id-4n0g2djf .ffb-list-item-3:hover,.ffb-id-4n0g2djf .ffb-list-item-3:focus,.ffb-id-4n0g2djf .ffb-list-item-3 *,.ffb-id-4n0g2djf .ffb-list-item-3 *:before,.ffb-id-4n0g2djf .ffb-list-item-3 *:after,.ffb-id-4n0g2djf .ffb-list-item-3 *:hover,.ffb-id-4n0g2djf .ffb-list-item-3 *:focus{ font-size: 20px !important;}.ffb-id-4n0f8igl ,.ffb-id-4n0f8igl:before,.ffb-id-4n0f8igl:after,.ffb-id-4n0f8igl *,.ffb-id-4n0f8igl *:before,.ffb-id-4n0f8igl *:after{ color: #121f36 !important;}.ffb-id-4n0f8igl{ font-size: 22px !important;}.ffb-id-4n0f8igl ,.ffb-id-4n0f8igl:before,.ffb-id-4n0f8igl:after,.ffb-id-4n0f8igl:hover,.ffb-id-4n0f8igl:focus,.ffb-id-4n0f8igl *,.ffb-id-4n0f8igl *:before,.ffb-id-4n0f8igl *:after,.ffb-id-4n0f8igl *:hover,.ffb-id-4n0f8igl *:focus{ font-size: 22px !important;}.ffb-id-4n0esb2e{ text-align: center !important;}.ffb-id-4n0esb2e ,.ffb-id-4n0esb2e:before,.ffb-id-4n0esb2e:after,.ffb-id-4n0esb2e:hover,.ffb-id-4n0esb2e:focus,.ffb-id-4n0esb2e *,.ffb-id-4n0esb2e *:before,.ffb-id-4n0esb2e *:after,.ffb-id-4n0esb2e *:hover,.ffb-id-4n0esb2e *:focus{ text-align: center !important;}<\/style><script type=\"text\/javascript\"><\/script><\/p>\n","protected":false},"excerpt":{"rendered":"","protected":false},"author":1,"featured_media":0,"parent":0,"menu_order":0,"comment_status":"closed","ping_status":"closed","template":"","meta":{"footnotes":""},"class_list":["post-2206","page","type-page","status-publish","hentry","post-wrapper"],"_links":{"self":[{"href":"https:\/\/portlif.ee\/ru\/wp-json\/wp\/v2\/pages\/2206","targetHints":{"allow":["GET"]}}],"collection":[{"href":"https:\/\/portlif.ee\/ru\/wp-json\/wp\/v2\/pages"}],"about":[{"href":"https:\/\/portlif.ee\/ru\/wp-json\/wp\/v2\/types\/page"}],"author":[{"embeddable":true,"href":"https:\/\/portlif.ee\/ru\/wp-json\/wp\/v2\/users\/1"}],"replies":[{"embeddable":true,"href":"https:\/\/portlif.ee\/ru\/wp-json\/wp\/v2\/comments?post=2206"}],"version-history":[{"count":11,"href":"https:\/\/portlif.ee\/ru\/wp-json\/wp\/v2\/pages\/2206\/revisions"}],"predecessor-version":[{"id":2302,"href":"https:\/\/portlif.ee\/ru\/wp-json\/wp\/v2\/pages\/2206\/revisions\/2302"}],"wp:attachment":[{"href":"https:\/\/portlif.ee\/ru\/wp-json\/wp\/v2\/media?parent=2206"}],"curies":[{"name":"wp","href":"https:\/\/api.w.org\/{rel}","templated":true}]}}