{"id":2279,"date":"2021-08-09T11:56:30","date_gmt":"2021-08-09T08:56:30","guid":{"rendered":"https:\/\/portlif.ee:443\/?page_id=2279"},"modified":"2021-08-10T11:59:01","modified_gmt":"2021-08-10T08:59:01","slug":"pumpade-hanketeade","status":"publish","type":"page","link":"https:\/\/portlif.ee\/ru\/pumpade-hanketeade\/","title":{"rendered":"Pumpade hanketeade"},"content":{"rendered":"<p><section class=\"ffb-id-2auvr3hh fg-section fg-el-has-bg fg-text-dark\"><span class=\"fg-bg\"><span data-fg-bg=\"{&quot;type&quot;:&quot;color&quot;,&quot;opacity&quot;:1,&quot;color&quot;:&quot;rgba(255, 204, 30, 0.06)&quot;}\" class=\"fg-bg-layer fg-bg-type-color \" style=\"opacity: 1; background-color: rgba(255, 204, 30, 0.06);\"><\/span><\/span><div class=\"fg-container container fg-container-large fg-container-lvl--1 \"><div class=\"fg-row row    \" ><div class=\"ffb-id-2auvr3hi fg-col col-xs-12 col-md-12 fg-text-dark\"><section class=\"ffb-id-2auvr3hk section-heading fg-text-dark\"><h2 class=\"fg-text-dark ffb-h2-1\">Pumpade hanketeade<\/h2><\/section><\/div><\/div><\/div><\/section><style>.ffb-id-2auvr3hh{ padding-top: 160px;}@media (min-width:992px) { .ffb-id-2auvr3hh{ padding-top: 80px;}}.ffb-id-2auvr3hh ,.ffb-id-2auvr3hh:before,.ffb-id-2auvr3hh:after,.ffb-id-2auvr3hh *,.ffb-id-2auvr3hh *:before,.ffb-id-2auvr3hh *:after{ color: #121f36 !important;}.ffb-id-2auvr3hk{ font-size: 33px !important;font-weight: 500 !important;}.ffb-id-2auvr3hk ,.ffb-id-2auvr3hk:before,.ffb-id-2auvr3hk:after,.ffb-id-2auvr3hk:hover,.ffb-id-2auvr3hk:focus,.ffb-id-2auvr3hk *,.ffb-id-2auvr3hk *:before,.ffb-id-2auvr3hk *:after,.ffb-id-2auvr3hk *:hover,.ffb-id-2auvr3hk *:focus{ font-size: 33px !important;font-weight: 500 !important;}@media (min-width:768px) { .ffb-id-2auvr3hk{ font-size: 40px !important;}}@media (min-width:768px) { .ffb-id-2auvr3hk ,.ffb-id-2auvr3hk:before,.ffb-id-2auvr3hk:after,.ffb-id-2auvr3hk:hover,.ffb-id-2auvr3hk:focus,.ffb-id-2auvr3hk *,.ffb-id-2auvr3hk *:before,.ffb-id-2auvr3hk *:after,.ffb-id-2auvr3hk *:hover,.ffb-id-2auvr3hk *:focus{ font-size: 40px !important;}}<\/style><script type=\"text\/javascript\"><\/script><section class=\"ffb-id-16632bvv fg-section fg-text-dark\"><div class=\"fg-container container fg-container-large fg-container-lvl--1 \"><div class=\"fg-row row    \" ><div class=\"ffb-id-ie8vfjf fg-col col-xs-12 col-sm-12 col-md-12 fg-text-dark\"><div class=\"ffb-id-4n0f8igl fg-paragraph ff-richtext text-left    fg-text-dark\"><\/p>\n<p><strong>Hanketeade<\/strong> <br \/>Seoses tootmisv&otilde;imsuse ja efektiivsuse suurendamisega kuulutab Portlif Grupp O&Uuml; v&auml;lja allj&auml;rgneva hanke:<\/p>\n<p><\/div><ul class=\"ffb-id-4n0g2djf ffb-list lists-base fg-text-dark\"><li class=\"ffb-list-item text-left ffb-list-style-icon list-unstyled fg-text-dark ffb-list-item-1\"><i class=\"ffb-list-icon ff-font-awesome4 icon-angle-right  fg-text-dark ffb-one-icon\"><\/i><div class=\"ffb-list-text fg-text-dark ffb-one-text\"><\/p>\n<p style=\"text-align: justify\"><span style=\"color: #121f36\">Tsentrifugaalpumbad kergele ja raskele \u00f5lile ning k\u00fctustele (pakkumuse esitamise t\u00e4htaeg 06.08.2021 15.00 GMT +3, t\u00f6\u00f6de vastuv\u00f5tmise t\u00e4htaeg on hiljemalt 6 kuud peale lepingu s\u00f5lmimist).<\/span><\/p>\n<p><\/div><\/li><\/ul><div class=\"ffb-id-54nqhfji fg-paragraph ff-richtext text-left    fg-text-dark\"><\/p>\n<p>T&auml;iendava informatsiooni saamiseks ja selgituste k&uuml;simiseks palume end registreerida hankele Riigihangete Registris (viitenumber 239413) <a href=\"https:\/\/riigihanked.riik.ee\/rhr-web\/#\/procurement\/3480857\/general-info\">https:\/\/riigihanked.riik.ee\/<\/a><\/p>\n<p>Projekti rahastatakse Euroopa Regionaalarengu Fondist (projekt number 2014-2020.4.03.20-0600).<\/p>\n<p>Tegemist ei ole&nbsp; hankijaga riigihangete seaduse t&auml;henduses. Hanke l&auml;biviimisel j&auml;rgitakse riigihangete seaduse&nbsp; &sect; 3 &uuml;ldp&otilde;him&otilde;tteid.<\/p>\n<p><\/div><div class=\"ffb-id-54nqn0o0 fg-paragraph ff-richtext text-left    fg-text-dark\"><\/p>\n<p><strong>Call for tenders<\/strong><br \/>In association with increasing the capacity and effectiveness of its production Portlif Grupp O&Uuml;&nbsp;hereby announces the following tender:<\/p>\n<p><\/div><ul class=\"ffb-id-54nqn5lf ffb-list lists-base fg-text-dark\"><li class=\"ffb-list-item text-left ffb-list-style-icon list-unstyled fg-text-dark ffb-list-item-1\"><i class=\"ffb-list-icon ff-font-awesome4 icon-angle-right  fg-text-dark ffb-one-icon\"><\/i><div class=\"ffb-list-text fg-text-dark ffb-one-text\"><\/p>\n<p style=\"text-align: justify\"><span style=\"color: #121f36\">Centrifugal Pumps for Light and Heavy Oil and Fuels (tender offer submitting deadline 06.08.2021 15:00 GMT +3, (Estonian time), the works must be accepted no later than 6 months after signing the contract).<\/span><\/p>\n<p><\/div><\/li><\/ul><div class=\"ffb-id-54nqna91 fg-paragraph ff-richtext text-left    fg-text-dark\"><\/p>\n<p>For additional information, please register to the tender in the Estonian E-Procurement Register (reference number 239413) <a href=\"https:\/\/riigihanked.riik.ee\/rhr-web\/#\/procurement\/3480857\/general-info\">https:\/\/riigihanked.riik.ee\/<\/a><\/p>\n<p>The project is being supported by the European Regional Development Fund (project number 2014-2020.4.03.20-0600).<\/p>\n<p>This is not a public procurement defined by the Public Procurement Act. However, the tender process follows the principles of the Estonian Public Procurement Act &sect; 3.<\/p>\n<p><\/div><\/div><\/div><\/div><\/section><style>.ffb-id-2auvr3hh{ \npadding-top: 160px;\n\n}\n@media (min-width:992px) { \n.ffb-id-2auvr3hh{ \npadding-top: 80px;\n\n}\n}.ffb-id-2auvr3hh ,\n.ffb-id-2auvr3hh:before,\n.ffb-id-2auvr3hh:after,\n.ffb-id-2auvr3hh *,\n.ffb-id-2auvr3hh *:before,\n.ffb-id-2auvr3hh *:after{ \ncolor: #121f36 !important;\n}\n.ffb-id-2auvr3hk{ \nfont-size: 33px !important;\nfont-weight: 500 !important;\n}\n.ffb-id-2auvr3hk ,\n.ffb-id-2auvr3hk:before,\n.ffb-id-2auvr3hk:after,\n.ffb-id-2auvr3hk:hover,\n.ffb-id-2auvr3hk:focus,\n.ffb-id-2auvr3hk *,\n.ffb-id-2auvr3hk *:before,\n.ffb-id-2auvr3hk *:after,\n.ffb-id-2auvr3hk *:hover,\n.ffb-id-2auvr3hk *:focus{ \nfont-size: 33px !important;\nfont-weight: 500 !important;\n}\n@media (min-width:768px) { \n.ffb-id-2auvr3hk{ \nfont-size: 40px !important;\n}\n}@media (min-width:768px) { \n.ffb-id-2auvr3hk ,\n.ffb-id-2auvr3hk:before,\n.ffb-id-2auvr3hk:after,\n.ffb-id-2auvr3hk:hover,\n.ffb-id-2auvr3hk:focus,\n.ffb-id-2auvr3hk *,\n.ffb-id-2auvr3hk *:before,\n.ffb-id-2auvr3hk *:after,\n.ffb-id-2auvr3hk *:hover,\n.ffb-id-2auvr3hk *:focus{ \nfont-size: 40px !important;\n}\n}.ffb-id-16632bvv{ padding-top: 80px;padding-bottom: 80px;}.ffb-id-54nqna91 ,.ffb-id-54nqna91:before,.ffb-id-54nqna91:after,.ffb-id-54nqna91 *,.ffb-id-54nqna91 *:before,.ffb-id-54nqna91 *:after{ color: #121f36 !important;}.ffb-id-54nqna91{ font-size: 22px !important;}.ffb-id-54nqna91 ,.ffb-id-54nqna91:before,.ffb-id-54nqna91:after,.ffb-id-54nqna91:hover,.ffb-id-54nqna91:focus,.ffb-id-54nqna91 *,.ffb-id-54nqna91 *:before,.ffb-id-54nqna91 *:after,.ffb-id-54nqna91 *:hover,.ffb-id-54nqna91 *:focus{ font-size: 22px !important;}.ffb-id-54nqn5lf .ffb-list-item-1 .ffb-one-icon{ font-size: 32px !important;}.ffb-id-54nqn5lf .ffb-list-item-1 .ffb-one-icon ,.ffb-id-54nqn5lf .ffb-list-item-1 .ffb-one-icon:before,.ffb-id-54nqn5lf .ffb-list-item-1 .ffb-one-icon:after,.ffb-id-54nqn5lf .ffb-list-item-1 .ffb-one-icon:hover,.ffb-id-54nqn5lf .ffb-list-item-1 .ffb-one-icon:focus,.ffb-id-54nqn5lf .ffb-list-item-1 .ffb-one-icon *,.ffb-id-54nqn5lf .ffb-list-item-1 .ffb-one-icon *:before,.ffb-id-54nqn5lf .ffb-list-item-1 .ffb-one-icon *:after,.ffb-id-54nqn5lf .ffb-list-item-1 .ffb-one-icon *:hover,.ffb-id-54nqn5lf .ffb-list-item-1 .ffb-one-icon *:focus{ font-size: 32px !important;}.ffb-id-54nqn5lf .ffb-list-item-1{ padding-right: 15px;padding-left: 15px;}@media (min-width:992px) { .ffb-id-54nqn5lf .ffb-list-item-1{ padding-right: 50px;padding-left: 50px;}}.ffb-id-54nqn5lf .ffb-list-item-1{ font-size: 20px !important;}.ffb-id-54nqn5lf .ffb-list-item-1 ,.ffb-id-54nqn5lf .ffb-list-item-1:before,.ffb-id-54nqn5lf .ffb-list-item-1:after,.ffb-id-54nqn5lf .ffb-list-item-1:hover,.ffb-id-54nqn5lf .ffb-list-item-1:focus,.ffb-id-54nqn5lf .ffb-list-item-1 *,.ffb-id-54nqn5lf .ffb-list-item-1 *:before,.ffb-id-54nqn5lf .ffb-list-item-1 *:after,.ffb-id-54nqn5lf .ffb-list-item-1 *:hover,.ffb-id-54nqn5lf .ffb-list-item-1 *:focus{ font-size: 20px !important;}.ffb-id-54nqn0o0 ,.ffb-id-54nqn0o0:before,.ffb-id-54nqn0o0:after,.ffb-id-54nqn0o0 *,.ffb-id-54nqn0o0 *:before,.ffb-id-54nqn0o0 *:after{ color: #121f36 !important;}.ffb-id-54nqn0o0{ font-size: 22px !important;}.ffb-id-54nqn0o0 ,.ffb-id-54nqn0o0:before,.ffb-id-54nqn0o0:after,.ffb-id-54nqn0o0:hover,.ffb-id-54nqn0o0:focus,.ffb-id-54nqn0o0 *,.ffb-id-54nqn0o0 *:before,.ffb-id-54nqn0o0 *:after,.ffb-id-54nqn0o0 *:hover,.ffb-id-54nqn0o0 *:focus{ font-size: 22px !important;}.ffb-id-54nqhfji ,.ffb-id-54nqhfji:before,.ffb-id-54nqhfji:after,.ffb-id-54nqhfji *,.ffb-id-54nqhfji *:before,.ffb-id-54nqhfji *:after{ color: #121f36 !important;}.ffb-id-54nqhfji{ font-size: 22px !important;}.ffb-id-54nqhfji ,.ffb-id-54nqhfji:before,.ffb-id-54nqhfji:after,.ffb-id-54nqhfji:hover,.ffb-id-54nqhfji:focus,.ffb-id-54nqhfji *,.ffb-id-54nqhfji *:before,.ffb-id-54nqhfji *:after,.ffb-id-54nqhfji *:hover,.ffb-id-54nqhfji *:focus{ font-size: 22px !important;}.ffb-id-4n0g2djf .ffb-list-item-1 .ffb-one-icon{ font-size: 32px !important;}.ffb-id-4n0g2djf .ffb-list-item-1 .ffb-one-icon ,.ffb-id-4n0g2djf .ffb-list-item-1 .ffb-one-icon:before,.ffb-id-4n0g2djf .ffb-list-item-1 .ffb-one-icon:after,.ffb-id-4n0g2djf .ffb-list-item-1 .ffb-one-icon:hover,.ffb-id-4n0g2djf .ffb-list-item-1 .ffb-one-icon:focus,.ffb-id-4n0g2djf .ffb-list-item-1 .ffb-one-icon *,.ffb-id-4n0g2djf .ffb-list-item-1 .ffb-one-icon *:before,.ffb-id-4n0g2djf .ffb-list-item-1 .ffb-one-icon *:after,.ffb-id-4n0g2djf .ffb-list-item-1 .ffb-one-icon *:hover,.ffb-id-4n0g2djf .ffb-list-item-1 .ffb-one-icon *:focus{ font-size: 32px !important;}.ffb-id-4n0g2djf .ffb-list-item-1{ padding-right: 15px;padding-left: 15px;}@media (min-width:992px) { .ffb-id-4n0g2djf .ffb-list-item-1{ padding-right: 50px;padding-left: 50px;}}.ffb-id-4n0g2djf .ffb-list-item-1{ font-size: 20px !important;}.ffb-id-4n0g2djf .ffb-list-item-1 ,.ffb-id-4n0g2djf .ffb-list-item-1:before,.ffb-id-4n0g2djf .ffb-list-item-1:after,.ffb-id-4n0g2djf .ffb-list-item-1:hover,.ffb-id-4n0g2djf .ffb-list-item-1:focus,.ffb-id-4n0g2djf .ffb-list-item-1 *,.ffb-id-4n0g2djf .ffb-list-item-1 *:before,.ffb-id-4n0g2djf .ffb-list-item-1 *:after,.ffb-id-4n0g2djf .ffb-list-item-1 *:hover,.ffb-id-4n0g2djf .ffb-list-item-1 *:focus{ font-size: 20px !important;}.ffb-id-4n0f8igl ,.ffb-id-4n0f8igl:before,.ffb-id-4n0f8igl:after,.ffb-id-4n0f8igl *,.ffb-id-4n0f8igl *:before,.ffb-id-4n0f8igl *:after{ color: #121f36 !important;}.ffb-id-4n0f8igl{ font-size: 22px !important;}.ffb-id-4n0f8igl ,.ffb-id-4n0f8igl:before,.ffb-id-4n0f8igl:after,.ffb-id-4n0f8igl:hover,.ffb-id-4n0f8igl:focus,.ffb-id-4n0f8igl *,.ffb-id-4n0f8igl *:before,.ffb-id-4n0f8igl *:after,.ffb-id-4n0f8igl *:hover,.ffb-id-4n0f8igl *:focus{ font-size: 22px !important;}<\/style><script type=\"text\/javascript\"><\/script><\/p>\n","protected":false},"excerpt":{"rendered":"","protected":false},"author":1,"featured_media":0,"parent":0,"menu_order":0,"comment_status":"closed","ping_status":"closed","template":"","meta":{"footnotes":""},"class_list":["post-2279","page","type-page","status-publish","hentry","post-wrapper"],"_links":{"self":[{"href":"https:\/\/portlif.ee\/ru\/wp-json\/wp\/v2\/pages\/2279","targetHints":{"allow":["GET"]}}],"collection":[{"href":"https:\/\/portlif.ee\/ru\/wp-json\/wp\/v2\/pages"}],"about":[{"href":"https:\/\/portlif.ee\/ru\/wp-json\/wp\/v2\/types\/page"}],"author":[{"embeddable":true,"href":"https:\/\/portlif.ee\/ru\/wp-json\/wp\/v2\/users\/1"}],"replies":[{"embeddable":true,"href":"https:\/\/portlif.ee\/ru\/wp-json\/wp\/v2\/comments?post=2279"}],"version-history":[{"count":10,"href":"https:\/\/portlif.ee\/ru\/wp-json\/wp\/v2\/pages\/2279\/revisions"}],"predecessor-version":[{"id":2307,"href":"https:\/\/portlif.ee\/ru\/wp-json\/wp\/v2\/pages\/2279\/revisions\/2307"}],"wp:attachment":[{"href":"https:\/\/portlif.ee\/ru\/wp-json\/wp\/v2\/media?parent=2279"}],"curies":[{"name":"wp","href":"https:\/\/api.w.org\/{rel}","templated":true}]}}